{"id":11,"date":"2013-05-24T22:43:52","date_gmt":"2013-05-24T20:43:52","guid":{"rendered":"http:\/\/www.elektronikhemma.se\/?page_id=11"},"modified":"2018-08-28T11:21:55","modified_gmt":"2018-08-28T09:21:55","slug":"hitta-hit","status":"publish","type":"page","link":"https:\/\/www.elektronikhemma.se\/?page_id=11","title":{"rendered":"Hitta hit"},"content":{"rendered":"<p><strong>Ni hittar oss i v\u00e5ra lokaler p\u00e5 Sl\u00e5nb\u00e4rsgatan 12\u00a0i V\u00e4ster\u00e5s!<\/strong><br \/>\nVi finns intill Bellevuestadion och Godmorning Hotels.<\/p>\n<p>Vid infarten till Bellevuestadion sv\u00e4ng v\u00e4nster p\u00e5 Sl\u00e5nb\u00e4rsgatan mot Hedlunds Golv och f\u00f6lj v\u00e4gen 400m s\u00e5 finns vi p\u00e5 h\u00f6ger sida p\u00e5 Sl\u00e5nb\u00e4rsgatan 12.<\/p>\n<p><iframe loading=\"lazy\" src=\"https:\/\/www.google.com\/maps\/embed?pb=!1m18!1m12!1m3!1d64537.76544879512!2d16.466001087248134!3d59.63624962898992!2m3!1f0!2f0!3f0!3m2!1i1024!2i768!4f13.1!3m3!1m2!1s0x465e66b2647fb479%3A0xd335780e819823ee!2sJoWork+AB!5e0!3m2!1sen!2sse!4v1535447954846\" width=\"600\" height=\"450\" frameborder=\"0\" style=\"border:0\" allowfullscreen><\/iframe><\/p>\n<p>Ring oss g\u00e4rna p\u00e5 <strong>021 &#8211; 475 16 07<\/strong> innan ni kommer s\u00e5 att vi kan finnas p\u00e5 plats och ta emot er<br \/>\nParkerar g\u00f6r ni enklast\u00a0p\u00e5 v\u00e5r fria parkering framf\u00f6r fastigheten<\/p>\n<p><strong>V\u00e4lkomna!<\/strong><\/p>\n","protected":false},"excerpt":{"rendered":"<p>Ni hittar oss i v\u00e5ra lokaler p\u00e5 Sl\u00e5nb\u00e4rsgatan 12\u00a0i V\u00e4ster\u00e5s! Vi finns intill Bellevuestadion och Godmorning Hotels. Vid infarten till Bellevuestadion sv\u00e4ng v\u00e4nster p\u00e5 Sl\u00e5nb\u00e4rsgatan mot Hedlunds Golv och f\u00f6lj v\u00e4gen 400m s\u00e5 finns vi p\u00e5 h\u00f6ger sida p\u00e5 Sl\u00e5nb\u00e4rsgatan 12. Ring oss g\u00e4rna p\u00e5 021 &#8211; 475 16 07 innan ni kommer s\u00e5 att [&hellip;]<\/p>\n","protected":false},"author":1,"featured_media":0,"parent":0,"menu_order":0,"comment_status":"closed","ping_status":"closed","template":"","meta":{"footnotes":""},"_links":{"self":[{"href":"https:\/\/www.elektronikhemma.se\/index.php?rest_route=\/wp\/v2\/pages\/11"}],"collection":[{"href":"https:\/\/www.elektronikhemma.se\/index.php?rest_route=\/wp\/v2\/pages"}],"about":[{"href":"https:\/\/www.elektronikhemma.se\/index.php?rest_route=\/wp\/v2\/types\/page"}],"author":[{"embeddable":true,"href":"https:\/\/www.elektronikhemma.se\/index.php?rest_route=\/wp\/v2\/users\/1"}],"replies":[{"embeddable":true,"href":"https:\/\/www.elektronikhemma.se\/index.php?rest_route=%2Fwp%2Fv2%2Fcomments&post=11"}],"version-history":[{"count":15,"href":"https:\/\/www.elektronikhemma.se\/index.php?rest_route=\/wp\/v2\/pages\/11\/revisions"}],"predecessor-version":[{"id":974,"href":"https:\/\/www.elektronikhemma.se\/index.php?rest_route=\/wp\/v2\/pages\/11\/revisions\/974"}],"wp:attachment":[{"href":"https:\/\/www.elektronikhemma.se\/index.php?rest_route=%2Fwp%2Fv2%2Fmedia&parent=11"}],"curies":[{"name":"wp","href":"https:\/\/api.w.org\/{rel}","templated":true}]}}