{"id":145,"date":"2013-08-05T22:07:59","date_gmt":"2013-08-05T20:07:59","guid":{"rendered":"http:\/\/www.elektronikhemma.se\/?page_id=145"},"modified":"2019-08-14T12:10:37","modified_gmt":"2019-08-14T10:10:37","slug":"jowork-support","status":"publish","type":"page","link":"https:\/\/www.elektronikhemma.se\/?page_id=145","title":{"rendered":"Support"},"content":{"rendered":"<p><strong>V\u00e4lkommen till JoWorks snabbsupport!<\/strong><br \/>\nKlicka p\u00e5 v\u00e5r supportmodul nedan och v\u00e4lj &#8221;k\u00f6r&#8221;. N\u00e4r programmet startar kommer ni att se ett id och ett l\u00f6senord. Dessa uppgifter beh\u00f6ver vi ta del av f\u00f6r att kunna ansluta till er dator. Inloggningen \u00e4r unik f\u00f6r varje session och vi kan inte komma \u00e5t er dator n\u00e5got mer efter att ni har st\u00e4ngt ner programmet.<\/p>\n<p>Kontakta oss g\u00e4rna via v\u00e5rt formul\u00e4r p\u00e5 sidan eller ring oss p\u00e5 <strong>021 475 16 07<\/strong> f\u00f6r att boka din support.<\/p>\n<div style=\"position: relative; width: 120px; height: 60px;\"><a style=\"text-decoration: none;\" href=\"http:\/\/www.elektronikhemma.se\/filer\/joworksupport.exe\"><br \/>\n<img loading=\"lazy\" decoding=\"async\" title=\"Fj\u00e4rr\u00e5tkomst och fj\u00e4rrsupport via internet med TeamViewer\" src=\"http:\/\/www.teamviewer.com\/link\/?url=979936&amp;id=1079086934\" alt=\"Fj\u00e4rr\u00e5tkomst och fj\u00e4rrsupport via internet med TeamViewer\" width=\"120\" height=\"60\" border=\"0\" \/><br \/>\n<span style=\"position: absolute; top: 25.5px; left: 50px; display: block; cursor: pointer; color: white; font-family: Arial; font-size: 8px; line-height: 1.2em; font-weight: bold; text-align: center; width: 65px;\"><br \/>\nJoWork support<br \/>\n<\/span><br \/>\n<\/a><\/div>\n","protected":false},"excerpt":{"rendered":"<p>V\u00e4lkommen till JoWorks snabbsupport! Klicka p\u00e5 v\u00e5r supportmodul nedan och v\u00e4lj &#8221;k\u00f6r&#8221;. N\u00e4r programmet startar kommer ni att se ett id och ett l\u00f6senord. Dessa uppgifter beh\u00f6ver vi ta del av f\u00f6r att kunna ansluta till er dator. Inloggningen \u00e4r unik f\u00f6r varje session och vi kan inte komma \u00e5t er dator n\u00e5got mer efter [&hellip;]<\/p>\n","protected":false},"author":1,"featured_media":0,"parent":0,"menu_order":0,"comment_status":"closed","ping_status":"closed","template":"","meta":{"footnotes":""},"_links":{"self":[{"href":"https:\/\/www.elektronikhemma.se\/index.php?rest_route=\/wp\/v2\/pages\/145"}],"collection":[{"href":"https:\/\/www.elektronikhemma.se\/index.php?rest_route=\/wp\/v2\/pages"}],"about":[{"href":"https:\/\/www.elektronikhemma.se\/index.php?rest_route=\/wp\/v2\/types\/page"}],"author":[{"embeddable":true,"href":"https:\/\/www.elektronikhemma.se\/index.php?rest_route=\/wp\/v2\/users\/1"}],"replies":[{"embeddable":true,"href":"https:\/\/www.elektronikhemma.se\/index.php?rest_route=%2Fwp%2Fv2%2Fcomments&post=145"}],"version-history":[{"count":16,"href":"https:\/\/www.elektronikhemma.se\/index.php?rest_route=\/wp\/v2\/pages\/145\/revisions"}],"predecessor-version":[{"id":1088,"href":"https:\/\/www.elektronikhemma.se\/index.php?rest_route=\/wp\/v2\/pages\/145\/revisions\/1088"}],"wp:attachment":[{"href":"https:\/\/www.elektronikhemma.se\/index.php?rest_route=%2Fwp%2Fv2%2Fmedia&parent=145"}],"curies":[{"name":"wp","href":"https:\/\/api.w.org\/{rel}","templated":true}]}}